{"id":151,"date":"2023-02-28T19:36:28","date_gmt":"2023-02-28T18:36:28","guid":{"rendered":"https:\/\/www.centrepreventiontravail.institutlinerenaud.com\/?page_id=151"},"modified":"2023-03-01T12:24:21","modified_gmt":"2023-03-01T11:24:21","slug":"les-specialites","status":"publish","type":"page","link":"https:\/\/centre-prevention-travail.com\/?page_id=151","title":{"rendered":"Les sp\u00e9cialit\u00e9s"},"content":{"rendered":"\t\t<div data-elementor-type=\"wp-page\" data-elementor-id=\"151\" class=\"elementor elementor-151\">\n\t\t\t\t\t\t\t\t\t<section class=\"elementor-section elementor-top-section elementor-element elementor-element-3ebb475 elementor-section-full_width elementor-section-height-default elementor-section-height-default\" data-id=\"3ebb475\" data-element_type=\"section\">\n\t\t\t\t\t\t<div class=\"elementor-container elementor-column-gap-default\">\n\t\t\t\t\t<div class=\"elementor-column elementor-col-50 elementor-top-column elementor-element elementor-element-631fd40\" data-id=\"631fd40\" data-element_type=\"column\">\n\t\t\t<div class=\"elementor-widget-wrap elementor-element-populated\">\n\t\t\t\t\t\t\t\t<div class=\"elementor-element elementor-element-b539840 elementor-invisible elementor-widget elementor-widget-image\" data-id=\"b539840\" data-element_type=\"widget\" data-settings=\"{&quot;_animation&quot;:&quot;fadeInLeft&quot;}\" data-widget_type=\"image.default\">\n\t\t\t\t<div class=\"elementor-widget-container\">\n\t\t\t<style>\/*! elementor - v3.11.2 - 22-02-2023 *\/\n.elementor-widget-image{text-align:center}.elementor-widget-image a{display:inline-block}.elementor-widget-image a img[src$=\".svg\"]{width:48px}.elementor-widget-image img{vertical-align:middle;display:inline-block}<\/style>\t\t\t\t\t\t\t\t\t\t\t\t<img loading=\"lazy\" decoding=\"async\" width=\"564\" height=\"738\" src=\"https:\/\/centre-prevention-travail.com\/wp-content\/uploads\/2022\/12\/page-accueil.jpeg\" class=\"attachment-large size-large wp-image-44\" alt=\"\" srcset=\"https:\/\/centre-prevention-travail.com\/wp-content\/uploads\/2022\/12\/page-accueil.jpeg 564w, https:\/\/centre-prevention-travail.com\/wp-content\/uploads\/2022\/12\/page-accueil-229x300.jpeg 229w\" sizes=\"auto, (max-width: 564px) 100vw, 564px\" \/>\t\t\t\t\t\t\t\t\t\t\t\t\t\t\t<\/div>\n\t\t\t\t<\/div>\n\t\t\t\t\t<\/div>\n\t\t<\/div>\n\t\t\t\t<div class=\"elementor-column elementor-col-50 elementor-top-column elementor-element elementor-element-0671f9c elementor-invisible\" data-id=\"0671f9c\" data-element_type=\"column\" data-settings=\"{&quot;animation&quot;:&quot;fadeIn&quot;}\">\n\t\t\t<div class=\"elementor-widget-wrap elementor-element-populated\">\n\t\t\t\t\t\t\t\t<div class=\"elementor-element elementor-element-f1165fc elementor-widget elementor-widget-heading\" data-id=\"f1165fc\" data-element_type=\"widget\" data-widget_type=\"heading.default\">\n\t\t\t\t<div class=\"elementor-widget-container\">\n\t\t\t<style>\/*! elementor - v3.11.2 - 22-02-2023 *\/\n.elementor-heading-title{padding:0;margin:0;line-height:1}.elementor-widget-heading .elementor-heading-title[class*=elementor-size-]>a{color:inherit;font-size:inherit;line-height:inherit}.elementor-widget-heading .elementor-heading-title.elementor-size-small{font-size:15px}.elementor-widget-heading .elementor-heading-title.elementor-size-medium{font-size:19px}.elementor-widget-heading .elementor-heading-title.elementor-size-large{font-size:29px}.elementor-widget-heading .elementor-heading-title.elementor-size-xl{font-size:39px}.elementor-widget-heading .elementor-heading-title.elementor-size-xxl{font-size:59px}<\/style><h1 class=\"elementor-heading-title elementor-size-default\">Un centre \u00e0 l\u2019avant garde de l\u2019expertise<\/h1>\t\t<\/div>\n\t\t\t\t<\/div>\n\t\t\t\t<div class=\"elementor-element elementor-element-22d9238 elementor-widget elementor-widget-heading\" data-id=\"22d9238\" data-element_type=\"widget\" data-widget_type=\"heading.default\">\n\t\t\t\t<div class=\"elementor-widget-container\">\n\t\t\t<h2 class=\"elementor-heading-title elementor-size-default\">Un p\u00f4le pluridisciplinaire\nde sp\u00e9cialit\u00e9s<\/h2>\t\t<\/div>\n\t\t\t\t<\/div>\n\t\t\t\t<div class=\"elementor-element elementor-element-fb4ee91 elementor-widget elementor-widget-image\" data-id=\"fb4ee91\" data-element_type=\"widget\" data-widget_type=\"image.default\">\n\t\t\t\t<div class=\"elementor-widget-container\">\n\t\t\t\t\t\t\t\t\t\t\t\t\t\t\t<img loading=\"lazy\" decoding=\"async\" width=\"800\" height=\"495\" src=\"https:\/\/centre-prevention-travail.com\/wp-content\/uploads\/2023\/03\/Specialites-1-1024x634.jpg\" class=\"attachment-large size-large wp-image-174\" alt=\"\" srcset=\"https:\/\/centre-prevention-travail.com\/wp-content\/uploads\/2023\/03\/Specialites-1-1024x634.jpg 1024w, https:\/\/centre-prevention-travail.com\/wp-content\/uploads\/2023\/03\/Specialites-1-300x186.jpg 300w, https:\/\/centre-prevention-travail.com\/wp-content\/uploads\/2023\/03\/Specialites-1-768x475.jpg 768w, https:\/\/centre-prevention-travail.com\/wp-content\/uploads\/2023\/03\/Specialites-1-1536x950.jpg 1536w, https:\/\/centre-prevention-travail.com\/wp-content\/uploads\/2023\/03\/Specialites-1-2048x1267.jpg 2048w\" sizes=\"auto, (max-width: 800px) 100vw, 800px\" \/>\t\t\t\t\t\t\t\t\t\t\t\t\t\t\t<\/div>\n\t\t\t\t<\/div>\n\t\t\t\t<section class=\"elementor-section elementor-inner-section elementor-element elementor-element-2a07a80 elementor-section-boxed elementor-section-height-default elementor-section-height-default\" data-id=\"2a07a80\" data-element_type=\"section\" data-settings=\"{&quot;background_background&quot;:&quot;classic&quot;}\">\n\t\t\t\t\t\t<div class=\"elementor-container elementor-column-gap-default\">\n\t\t\t\t\t<div class=\"elementor-column elementor-col-100 elementor-inner-column elementor-element elementor-element-483205e\" data-id=\"483205e\" data-element_type=\"column\">\n\t\t\t<div class=\"elementor-widget-wrap elementor-element-populated\">\n\t\t\t\t\t\t\t\t<div class=\"elementor-element elementor-element-be72e3e elementor-widget elementor-widget-heading\" data-id=\"be72e3e\" data-element_type=\"widget\" data-widget_type=\"heading.default\">\n\t\t\t\t<div class=\"elementor-widget-container\">\n\t\t\t<h2 class=\"elementor-heading-title elementor-size-default\">Des projets innovants, un fort potentiel de recherche<\/h2>\t\t<\/div>\n\t\t\t\t<\/div>\n\t\t\t\t<div class=\"elementor-element elementor-element-ff16031 elementor-widget elementor-widget-text-editor\" data-id=\"ff16031\" data-element_type=\"widget\" data-widget_type=\"text-editor.default\">\n\t\t\t\t<div class=\"elementor-widget-container\">\n\t\t\t<style>\/*! elementor - v3.11.2 - 22-02-2023 *\/\n.elementor-widget-text-editor.elementor-drop-cap-view-stacked .elementor-drop-cap{background-color:#818a91;color:#fff}.elementor-widget-text-editor.elementor-drop-cap-view-framed .elementor-drop-cap{color:#818a91;border:3px solid;background-color:transparent}.elementor-widget-text-editor:not(.elementor-drop-cap-view-default) .elementor-drop-cap{margin-top:8px}.elementor-widget-text-editor:not(.elementor-drop-cap-view-default) .elementor-drop-cap-letter{width:1em;height:1em}.elementor-widget-text-editor .elementor-drop-cap{float:left;text-align:center;line-height:1;font-size:50px}.elementor-widget-text-editor .elementor-drop-cap-letter{display:inline-block}<\/style>\t\t\t\t<p>Le centre travaillera en collaboration avec la DRCI (Direction de la Recherche Clinique et \u00e0 l\u2019Innovation) et le centre d\u2019innovation de l\u2019h\u00f4pital. Il aura \u00e9galement pour objectif de d\u00e9velopper des projets novateurs et des outils de nouvelle g\u00e9n\u00e9ration.<\/p>\t\t\t\t\t\t<\/div>\n\t\t\t\t<\/div>\n\t\t\t\t\t<\/div>\n\t\t<\/div>\n\t\t\t\t\t\t\t<\/div>\n\t\t<\/section>\n\t\t\t\t\t<\/div>\n\t\t<\/div>\n\t\t\t\t\t\t\t<\/div>\n\t\t<\/section>\n\t\t\t\t\t\t\t<\/div>\n\t\t","protected":false},"excerpt":{"rendered":"<p>Un centre \u00e0 l\u2019avant garde de l\u2019expertise Un p\u00f4le pluridisciplinaire de sp\u00e9cialit\u00e9s Des projets innovants, un fort potentiel de recherche Le centre travaillera en collaboration avec la DRCI (Direction de la Recherche Clinique et \u00e0 l\u2019Innovation) et le centre d\u2019innovation de l\u2019h\u00f4pital. Il aura \u00e9galement pour objectif de d\u00e9velopper des projets novateurs et des outils [&hellip;]<\/p>\n","protected":false},"author":1,"featured_media":0,"parent":0,"menu_order":0,"comment_status":"closed","ping_status":"closed","template":"elementor_header_footer","meta":{"footnotes":""},"class_list":["post-151","page","type-page","status-publish","hentry"],"_links":{"self":[{"href":"https:\/\/centre-prevention-travail.com\/index.php?rest_route=\/wp\/v2\/pages\/151","targetHints":{"allow":["GET"]}}],"collection":[{"href":"https:\/\/centre-prevention-travail.com\/index.php?rest_route=\/wp\/v2\/pages"}],"about":[{"href":"https:\/\/centre-prevention-travail.com\/index.php?rest_route=\/wp\/v2\/types\/page"}],"author":[{"embeddable":true,"href":"https:\/\/centre-prevention-travail.com\/index.php?rest_route=\/wp\/v2\/users\/1"}],"replies":[{"embeddable":true,"href":"https:\/\/centre-prevention-travail.com\/index.php?rest_route=%2Fwp%2Fv2%2Fcomments&post=151"}],"version-history":[{"count":12,"href":"https:\/\/centre-prevention-travail.com\/index.php?rest_route=\/wp\/v2\/pages\/151\/revisions"}],"predecessor-version":[{"id":185,"href":"https:\/\/centre-prevention-travail.com\/index.php?rest_route=\/wp\/v2\/pages\/151\/revisions\/185"}],"wp:attachment":[{"href":"https:\/\/centre-prevention-travail.com\/index.php?rest_route=%2Fwp%2Fv2%2Fmedia&parent=151"}],"curies":[{"name":"wp","href":"https:\/\/api.w.org\/{rel}","templated":true}]}}